{"id":9,"date":"2013-04-03T13:35:29","date_gmt":"2013-04-03T12:35:29","guid":{"rendered":"http:\/\/www.epicuriales.be\/?page_id=9"},"modified":"2026-04-23T15:01:19","modified_gmt":"2026-04-23T13:01:19","slug":"informations-pratiques","status":"publish","type":"page","link":"https:\/\/www.epicuriales.be\/nl\/informations-pratiques\/","title":{"rendered":"Informations pratiques"},"content":{"rendered":"<p>Retrouvez ci-dessous le programme des\u00a0<strong>Epicuriales de Li\u00e8ge 2026<\/strong>\u00a0ainsi que les informations pratiques sur les heures d&rsquo;ouverture et de fermeture, dans le Parc de la Boverie \u00e0\u00a0Li\u00e8ge.<\/p>\n\n\n\n<p>L&rsquo;acc\u00e8s aux Epicuriales est libre.<\/p>\n\n\n\n<p>Les mets pr\u00e9sent\u00e9s par nos restaurateurs sont vendus au prix qu&rsquo;ils fixent eux-m\u00eames. Retrouvez les tarifs sous la rubrique <strong><a href=\"\/nl\/restaurants\/\">Restaurants<\/a><\/strong> de ce site, sur les menus de chaque exposant.<\/p>\n\n\n\n<h2 class=\"wp-block-heading\">Informations pratiques : comment \u00e7a marche ?<\/h2>\n\n\n\n<p>Au gr\u00e9 de votre humeur et de vos go\u00fbts, vous prendrez une entr\u00e9e ici, une autre l\u00e0, puis un plat ailleurs, et enfin un dessert un peu plus loin. Le choix sera vari\u00e9 parmi nos <strong><a href=\"\/nl\/restaurants\/\">exposants<\/a><\/strong> !<\/p>\n\n\n\n<h3 class=\"wp-block-heading\">Cashless<\/h3>\n\n\n\n<p>Le paiement se fait exclusivement de mani\u00e8re \u00e9lectronique via un bracelet que vous obtenez \u00e0 l&rsquo;entr\u00e9e de l&rsquo;\u00e9v\u00e9nement. Chargez-le du montant d\u00e9sir\u00e9 (par cash ou par carte) et vous voici pr\u00eats \u00e0 d\u00e9guster* !<\/p>\n\n\n\n<p>Besoin de le recharger ? Repassez par une caisse ou une borne pour le charger, ou bien scannez directement le QR Code sur le bracelet avec votre smartphone pour le recharger via Payconiq ou votre application bancaire &#8230; rien de plus simple !<\/p>\n\n\n\n<p>Il reste un solde sur votre bracelet ? Demandez un remboursement en ligne entre le 26 mai et le 9 juin 2026. Pass\u00e9 ce d\u00e9lai, il ne sera plus possible de demander de remboursement.<\/p>\n\n\n\n<p>Veuillez bien conserver votre bracelet car vous aurez besoin du code unique qui est imprim\u00e9 dessus.<\/p>\n\n\n\n<p><strong>Tous les remboursements seront effectu\u00e9s d&rsquo;une traite \u00e0 la fin de la p\u00e9riode de remboursement.<\/strong><\/p>\n\n\n\n<p class=\"has-small-font-size\">*un montant forfaitaire de 1\u20ac sera pr\u00e9lev\u00e9 pour activer votre bracelet, de mani\u00e8re unique pour tout l&rsquo;\u00e9v\u00e9nement.<br \/>Tout cr\u00e9dit restant apr\u00e8s l&rsquo;\u00e9v\u00e9nement pourra \u00eatre rembours\u00e9 dans un d\u00e9lai maximum de deux semaines, sans frais.<\/p>","protected":false},"excerpt":{"rendered":"<p>Retrouvez ci-dessous le programme des\u00a0Epicuriales de Li\u00e8ge 2026\u00a0ainsi que les informations pratiques sur les heures d&rsquo;ouverture et de fermeture, dans le Parc de la Boverie \u00e0\u00a0Li\u00e8ge. L&rsquo;acc\u00e8s aux Epicuriales est libre. Les mets pr\u00e9sent\u00e9s par nos restaurateurs sont vendus au prix qu&rsquo;ils fixent eux-m\u00eames. Retrouvez les tarifs sous la rubrique Restaurants de ce site, sur [&hellip;]<\/p>\n","protected":false},"author":1,"featured_media":29525,"parent":0,"menu_order":3,"comment_status":"closed","ping_status":"closed","template":"","meta":{"_acf_changed":false,"footnotes":""},"class_list":["post-9","page","type-page","status-publish","has-post-thumbnail","hentry"],"acf":[],"_links":{"self":[{"href":"https:\/\/www.epicuriales.be\/nl\/wp-json\/wp\/v2\/pages\/9","targetHints":{"allow":["GET"]}}],"collection":[{"href":"https:\/\/www.epicuriales.be\/nl\/wp-json\/wp\/v2\/pages"}],"about":[{"href":"https:\/\/www.epicuriales.be\/nl\/wp-json\/wp\/v2\/types\/page"}],"author":[{"embeddable":true,"href":"https:\/\/www.epicuriales.be\/nl\/wp-json\/wp\/v2\/users\/1"}],"replies":[{"embeddable":true,"href":"https:\/\/www.epicuriales.be\/nl\/wp-json\/wp\/v2\/comments?post=9"}],"version-history":[{"count":3,"href":"https:\/\/www.epicuriales.be\/nl\/wp-json\/wp\/v2\/pages\/9\/revisions"}],"predecessor-version":[{"id":39892,"href":"https:\/\/www.epicuriales.be\/nl\/wp-json\/wp\/v2\/pages\/9\/revisions\/39892"}],"wp:featuredmedia":[{"embeddable":true,"href":"https:\/\/www.epicuriales.be\/nl\/wp-json\/wp\/v2\/media\/29525"}],"wp:attachment":[{"href":"https:\/\/www.epicuriales.be\/nl\/wp-json\/wp\/v2\/media?parent=9"}],"curies":[{"name":"wp","href":"https:\/\/api.w.org\/{rel}","templated":true}]}}