{"id":39178,"date":"2026-02-16T22:12:46","date_gmt":"2026-02-16T21:12:46","guid":{"rendered":"https:\/\/www.epicuriales.be\/?page_id=39178"},"modified":"2026-05-01T13:47:58","modified_gmt":"2026-05-01T11:47:58","slug":"pogingen-van-chefs","status":"publish","type":"page","link":"https:\/\/www.epicuriales.be\/nl\/tente-des-chefs\/","title":{"rendered":"Tent van de Chefs"},"content":{"rendered":"<h1 class=\"wp-block-heading\">De Tent van de Chefs: een <em>ervaring<\/em> gastronomisch en meeslepend<\/h1>\n\n\n\n<p>Aan de oever van de vijver in het Parc de la Boverie, ver weg van de drukte van het festival, biedt een tent met 70 zitplaatsen elke middag en avond een unieke ervaring binnen het \u00c9picuriales-concept. Hier geen menukaart, geen keuze \u2013 \u00e9\u00e9n enkel menu, bedacht en ter plekke bereid door twee of drie chef-koks die tijdens de maaltijd de open keuken delen.<\/p>\n\n\n\n<p>Je ziet de chefs aan het werk, je volgt de menu-opbouw, je bent in de keuken zonder erbij te zijn. De <strong>Tent van de Chefs<\/strong>, is de afspraak voor degenen die verder willen gaan: een uitzonderlijke tafel, in een uitzonderlijke omgeving, in het hart van het gastronomiefestival van Luik.<\/p>\n\n\n\n<h2 class=\"wp-block-heading\">De open keuken: de chefs aan het werk zien<\/h2>\n\n\n\n<p>De grote open keuken vormt het hart van het geheel. De chefs werken in het zicht, onder de ogen van de gasten. En om ervoor te zorgen dat niemand iets mist, wordt alles live uitgezonden op een scherm, zodat elke beweging, elke opmaak en elk detail van de bereiding gevolgd kan worden.<\/p>\n\n\n\n<p>Het is deze dimensie van live-show die de Tente des Chefs uniek maakt: je komt niet alleen eten, je woont iets bij. Een maaltijd waar je net zoveel naar kijkt als van geniet.<\/p>\n\n\n\n<h2 class=\"wp-block-heading\">Gastchefs uit Belgi\u00eb en elders<\/h2>\n\n\n\n<p>Elk jaar stellen de \u00c9picuriales een gastentafel samen met een mix van chef-koks <strong>documenten<\/strong> en koks afkomstig van <strong>Frankrijk<\/strong>, de <strong>Nederland<\/strong> Of\u2019<strong>Engeland<\/strong>. Ontmoetingen voortkomend uit affiniteit, reputatie, kwaliteit... en uit de overtuiging dat gastronomie ook gevoed wordt door uitwisseling en de veelheid aan invloeden.<\/p>\n\n\n\n<p>Bij elke service delen de twee of drie chefs dezelfde keuken en ondertekenen ze een uniek menu. Ze koken niet elk in hun eigen hoekje: ze werken samen, komen overeen over de smaken, geven elkaar de hand van de ene service naar de andere. Een ongekende samenwerking, speciaal voor de gelegenheid bedacht, die niet twee keer identiek zal plaatsvinden.<\/p>\n\n\n\n<h2 class=\"wp-block-heading\">Twee formules, dezelfde vereiste<\/h2>\n\n\n\n<p>La Tente des Chefs biedt elke dag twee verschillende diensten aan, elk met zijn eigen menu en zijn eigen team van chefs.<\/p>\n\n\n\n<h3 class=\"wp-block-heading\">De lunch: 4 gangen \u00e0 4 handen<\/h3>\n\n\n\n<p>Elke middag om 12.00 uur delen twee chefs de keuken voor een menu met vier gangen: voorgerecht, hoofdgerecht, kaas en dessert. Koffie <strong>Charles Li\u00e9geois<\/strong> zelfs begrepen. Een compleet lunchmenu, in een omgeving die resoluut buiten het gewone valt.<\/p>\n\n\n\n<h3 class=\"wp-block-heading\">Het diner: 5 gangen, 6 handen<\/h3>\n\n\n\n<p>Elke avond om 19.30 uur nemen drie chefs de open keuken over voor een menu met vijf gangen: twee voorgerechten, een hoofdgerecht, kaas en dessert. De koffie <strong>Charles Li\u00e9geois<\/strong> is ook inbegrepen. Een volwaardige gastronomische avond, aan de rand van de vijver van Parc de la Boverie.<\/p>\n\n\n\n<p>Om deze maaltijden te begeleiden, een wijnkaart speciaal voor het evenement samengesteld door <strong>Toby Vins<\/strong>, te bestellen per glas of per fles.<\/p>\n\n\n\n<h2 class=\"wp-block-heading\">Het programma van de editie 2026<\/h2>\n\n\n\n<a href=\"https:\/\/ticketing.yzyflow.app:443\/Epicuriales2026\/official\/fr\/\" data-id=\"32023\" title=\"1e kwartaal 2026\" class=\"audience-iframe-integration\" target=\"_blank\" rel=\"noreferrer noopener\" data-width=\"auto\" data-height=\"auto\"> <\/a>\n<script type=\"text\/javascript\" src=\"https:\/\/ticketing.yzyflow.app\/iframe.js\" async defer><\/script>\n\n\n\n<div class=\"wp-block-buttons is-layout-flex wp-block-buttons-is-layout-flex\">\n<div class=\"wp-block-button\"><a class=\"wp-block-button__link has-background wp-element-button\" href=\"#iframe-audience-32023\" style=\"border-top-left-radius:0px;border-top-right-radius:0px;border-bottom-left-radius:0px;border-bottom-right-radius:0px;background-color:#dd2338\">RESERVEREN<\/a><\/div>\n<\/div>\n\n\n\n<figure class=\"wp-block-table table-responsive\"><table class=\"has-fixed-layout\"><tbody><tr><td><strong>Donderdag 21 mei<\/strong><\/td><td><\/td><\/tr><tr><td><br \/><\/td><td><em>Diner met 6 handen<\/em><br \/>\u2013 <strong>Simon Bouille<\/strong> Pluk de dag<br \/>\u2013 (\u2026)<br \/>\u2013 (\u2026)<\/td><\/tr><tr><td><strong>Vrijdag 22 mei<\/strong><\/td><td><\/td><\/tr><tr><td><em>Lunch \u00e0 4 mains<\/em><br \/>\u2013 <strong>Gioco<\/strong><br \/>\u2013 <strong>Stam<\/strong><\/td><td><em>Diner met 6 handen<\/em><br \/>\u2013 <strong>Raymond Remmen<\/strong>, Kasteel van Oys, Restaurant Maes Cuisine du Terroir<br \/>\u2013 <strong>Tim Mertens<\/strong>, Restaurant Bie Portofino<br \/>\u2013 <strong>Peter van Rooij<\/strong>, Culinaire Creator &amp; Chefkok (Voormalig Restaurant Vanille Eijsden 2007-2025)<\/td><\/tr><tr><td><strong>Zaterdag 23 mei<\/strong><\/td><td><\/td><\/tr><tr><td><em>Lunch \u00e0 4 mains<\/em><br \/>\u2013 <strong>Pino Edward<\/strong> (Toba, Londen)<br \/>\u2013 <strong>Sukma<\/strong> (Indonesische nomadische chef)<\/td><td><em>Diner met 6 handen<\/em><br \/>\u2013 <strong>Vincenzo Calderone<\/strong> (Walio)<br \/>\u2013 <strong>Jean-Marc Notelet<\/strong> (\u00c0 l\u2019Improviste, Parijs 17e)<br \/>\u2013 <strong>David Rathgerber<\/strong> (L\u2019Assiette, Parijs 14e)<\/td><\/tr><tr><td><strong>Zondag 24 mei<\/strong><\/td><td><\/td><\/tr><tr><td><em>Lunch \u00e0 4 mains<\/em><br \/>\u2013 <strong>Alexis Voisenet *<\/strong> Maison Avoise in Issy-les-Moulineaux<br \/>\u2013 <strong>H\u00e9l\u00e8ne Thiry &amp; Yuri Vandam<\/strong> (Vrolijk)<\/td><td><em>Diner met 6 handen<\/em><br \/>\u2013 <strong>Simon Poletto<\/strong> (Caudalie)<br \/>\u2013 (\u2026)<br \/>\u2013 <strong>Philippe Fauchet<\/strong><\/td><\/tr><tr><td><strong>Maandag 25 mei<\/strong><\/td><td><\/td><\/tr><tr><td><em>Lunch \u00e0 4 mains<\/em><br \/>\u2013 <strong>Luc Marchant &amp; Fabrice Miserotti <\/strong>(Gouden Paard)<br \/>\u2013 <strong>Manu Bejar<\/strong> (Olivier des Sens)<\/td><td><em>Diner met 6 handen<\/em><br \/>\u2013 <strong>Andr\u00e9 Le Letty <\/strong>(Bistro du Maquis, Parijs Montmartre)<br \/>\u2013 <strong>Fabrice Malpas <\/strong>(Bij M\u00e9m\u00e8re)<br \/>\u2013 <strong>Yannick Bougnet <\/strong>(Keuken van Yannick)<\/td><\/tr><\/tbody><\/table><\/figure>\n\n\n\n<h2 class=\"wp-block-heading\">Reserveringen<\/h2>\n\n\n\n<p>La Tente des Chefs is regelmatig volgeboekt. Reserveren kan uitsluitend online, rechtstreeks op deze website.<\/p>\n\n\n\n<h2 class=\"wp-block-heading\">Zin om de rest van het festival te verkennen?<\/h2>\n\n\n\n<p>De Tente des Chefs is slechts \u00e9\u00e9n van de drie manieren om bij \u00c9picuriales aan tafel te gaan. Voor een wat vrijere ervaring zijn de <strong><a href=\"\/nl\/restaurants\/\">18 restaurants<\/a><\/strong> wachten op u in hun tenten met hun gevarieerde keukens en dagmenu\u2019s. En voor een gezellige pauze tussen twee tenten door: de \u00c9picuriales <strong><a href=\"https:\/\/www.epicuriales.be\/nl\/epicurische-plein\/\" data-type=\"page\" data-id=\"37742\">Plaza<\/a><\/strong> stelt de signatuurgerechten van 9 toonaangevende chef-koks voor, om naar eigen goeddunken samen te stellen op het grote gemeenschappelijke terras.<\/p>","protected":false},"excerpt":{"rendered":"<p>La Tente des Chefs : une exp\u00e9rience gastronomique et immersive Au bord de l&rsquo;\u00e9tang du Parc de la Boverie, \u00e0 l&rsquo;\u00e9cart de l&rsquo;agitation du festival, un chapiteau de 70 couverts accueille chaque midi et chaque soir une v\u00e9ritable exp\u00e9rience au sein des \u00c9picuriales. Ici, pas de carte, pas de choix &#8211; un menu unique, pens\u00e9 [&hellip;]<\/p>\n","protected":false},"author":1,"featured_media":39179,"parent":0,"menu_order":5,"comment_status":"closed","ping_status":"closed","template":"","meta":{"_acf_changed":false,"footnotes":""},"class_list":["post-39178","page","type-page","status-publish","has-post-thumbnail","hentry"],"acf":[],"_links":{"self":[{"href":"https:\/\/www.epicuriales.be\/nl\/wp-json\/wp\/v2\/pages\/39178","targetHints":{"allow":["GET"]}}],"collection":[{"href":"https:\/\/www.epicuriales.be\/nl\/wp-json\/wp\/v2\/pages"}],"about":[{"href":"https:\/\/www.epicuriales.be\/nl\/wp-json\/wp\/v2\/types\/page"}],"author":[{"embeddable":true,"href":"https:\/\/www.epicuriales.be\/nl\/wp-json\/wp\/v2\/users\/1"}],"replies":[{"embeddable":true,"href":"https:\/\/www.epicuriales.be\/nl\/wp-json\/wp\/v2\/comments?post=39178"}],"version-history":[{"count":3,"href":"https:\/\/www.epicuriales.be\/nl\/wp-json\/wp\/v2\/pages\/39178\/revisions"}],"predecessor-version":[{"id":39996,"href":"https:\/\/www.epicuriales.be\/nl\/wp-json\/wp\/v2\/pages\/39178\/revisions\/39996"}],"wp:featuredmedia":[{"embeddable":true,"href":"https:\/\/www.epicuriales.be\/nl\/wp-json\/wp\/v2\/media\/39179"}],"wp:attachment":[{"href":"https:\/\/www.epicuriales.be\/nl\/wp-json\/wp\/v2\/media?parent=39178"}],"curies":[{"name":"wp","href":"https:\/\/api.w.org\/{rel}","templated":true}]}}