{"id":18,"date":"2013-04-03T13:37:48","date_gmt":"2013-04-03T12:37:48","guid":{"rendered":"http:\/\/www.epicuriales.be\/?page_id=18"},"modified":"2025-06-03T09:51:53","modified_gmt":"2025-06-03T07:51:53","slug":"partners","status":"publish","type":"page","link":"https:\/\/www.epicuriales.be\/en\/partenaires\/","title":{"rendered":"Partners"},"content":{"rendered":"<p>Nous remercions particuli\u00e8rement tous nos partenaires qui, gr\u00e2ce \u00e0 leur soutien, font chaque ann\u00e9e des <strong>Epicuriales in Li\u00e8ge<\/strong> une r\u00e9ussite !<\/p>\n\n\n\n<p>Sans eux, un tel \u00e9v\u00e9nement ne pourrait voir le jour dans ce magnifique \u00e9crin de verdure qu&rsquo;est le Parc de la Boverie &#8230;<\/p>\n\n\n\n<p>Vous avez \u00e9galement envie de contribuer \u00e0 l&rsquo;\u00e9v\u00e9nement et profiter de sa visibilit\u00e9 pour votre business ?<br \/><a href=\"https:\/\/www.epicuriales.be\/en\/contact\/\"><strong>Contactez-nous<\/strong><\/a> !<\/p>","protected":false},"excerpt":{"rendered":"<p>Nous remercions particuli\u00e8rement tous nos partenaires qui, gr\u00e2ce \u00e0 leur soutien, font chaque ann\u00e9e des Epicuriales de Li\u00e8ge une r\u00e9ussite ! Sans eux, un tel \u00e9v\u00e9nement ne pourrait voir le jour dans ce magnifique \u00e9crin de verdure qu&rsquo;est le Parc de la Boverie &#8230; Vous avez \u00e9galement envie de contribuer \u00e0 l&rsquo;\u00e9v\u00e9nement et profiter de [&hellip;]<\/p>\n","protected":false},"author":1,"featured_media":4020,"parent":0,"menu_order":5,"comment_status":"closed","ping_status":"closed","template":"","meta":{"_acf_changed":false,"footnotes":""},"class_list":["post-18","page","type-page","status-publish","has-post-thumbnail","hentry"],"acf":[],"_links":{"self":[{"href":"https:\/\/www.epicuriales.be\/en\/wp-json\/wp\/v2\/pages\/18","targetHints":{"allow":["GET"]}}],"collection":[{"href":"https:\/\/www.epicuriales.be\/en\/wp-json\/wp\/v2\/pages"}],"about":[{"href":"https:\/\/www.epicuriales.be\/en\/wp-json\/wp\/v2\/types\/page"}],"author":[{"embeddable":true,"href":"https:\/\/www.epicuriales.be\/en\/wp-json\/wp\/v2\/users\/1"}],"replies":[{"embeddable":true,"href":"https:\/\/www.epicuriales.be\/en\/wp-json\/wp\/v2\/comments?post=18"}],"version-history":[{"count":1,"href":"https:\/\/www.epicuriales.be\/en\/wp-json\/wp\/v2\/pages\/18\/revisions"}],"predecessor-version":[{"id":38895,"href":"https:\/\/www.epicuriales.be\/en\/wp-json\/wp\/v2\/pages\/18\/revisions\/38895"}],"wp:featuredmedia":[{"embeddable":true,"href":"https:\/\/www.epicuriales.be\/en\/wp-json\/wp\/v2\/media\/4020"}],"wp:attachment":[{"href":"https:\/\/www.epicuriales.be\/en\/wp-json\/wp\/v2\/media?parent=18"}],"curies":[{"name":"wp","href":"https:\/\/api.w.org\/{rel}","templated":true}]}}